{"id":1010,"date":"2021-02-16T04:52:55","date_gmt":"2021-02-16T04:52:55","guid":{"rendered":"https:\/\/travio.smartdemowp.com\/?page_id=1010"},"modified":"2025-09-05T03:42:06","modified_gmt":"2025-09-05T03:42:06","slug":"nosotros","status":"publish","type":"page","link":"https:\/\/rumboinfinito.com.mx\/index.php\/nosotros\/","title":{"rendered":"Nosotros"},"content":{"rendered":"\t\t<div data-elementor-type=\"wp-page\" data-elementor-id=\"1010\" class=\"elementor elementor-1010\">\n\t\t\t\t\t\t<section class=\"elementor-section elementor-top-section elementor-element elementor-element-0cd9386 elementor-section-full_width elementor-section-stretched elementor-section-height-default elementor-section-height-default\" data-id=\"0cd9386\" data-element_type=\"section\" data-e-type=\"section\" data-settings=\"{&quot;stretch_section&quot;:&quot;section-stretched&quot;}\">\n\t\t\t\t\t\t<div class=\"elementor-container elementor-column-gap-no\">\n\t\t\t\t\t<div class=\"elementor-column elementor-col-100 elementor-top-column elementor-element elementor-element-6d9dd6a\" data-id=\"6d9dd6a\" data-element_type=\"column\" data-e-type=\"column\">\n\t\t\t<div class=\"elementor-widget-wrap elementor-element-populated\">\n\t\t\t\t\t\t<div class=\"elementor-element elementor-element-9055d3e elementor-widget elementor-widget-travio_about\" data-id=\"9055d3e\" data-element_type=\"widget\" data-e-type=\"widget\" data-widget_type=\"travio_about.default\">\n\t\t\t\t<div class=\"elementor-widget-container\">\n\t\t\t\t\t\t\t\t<!-- about-style-two -->\r\n\t\t\t<section class=\"about-style-two\">\r\n\t\t\t\t<div class=\"pattern-layer\" ><\/div>\r\n\t\t\t\t<div class=\"auto-container\">\r\n\t\t\t\t\t<div class=\"row clearfix\">\r\n\t\t\t\t\t\t<div class=\"col-lg-6 col-md-12 col-sm-12 content-column\">\r\n\t\t\t\t\t\t\t<div class=\"content_block_1\">\r\n\t\t\t\t\t\t\t\t<div class=\"content-box\">\r\n\t\t\t\t\t\t\t\t\t<div class=\"sec-title\">\r\n\t\t\t\t\t\t\t\t\t\t<p>Somos rumbo infinito<\/p>\r\n\t\t\t\t\t\t\t\t\t\t<h2>M\u00e1s all\u00e1 de un viaje, una experiencia personal<\/h2>\r\n\t\t\t\t\t\t\t\t\t<\/div>\r\n\t\t\t\t\t\t\t\t\t<div class=\"text\">\r\n\t\t\t\t\t\t\t\t\t\t<p>En Rumbo Infinito, no solo planeamos viajes, creamos historias. Creemos firmemente que cada aventura es tan \u00fanica como la persona que la vive. Por eso, nos dedicamos a ir m\u00e1s all\u00e1 de las expectativas, transformando tus sue\u00f1os en experiencias de viaje inolvidables y perfectamente adaptadas a ti.\n\nNuestro Compromiso: Servicio Personalizado\nPara nosotros, lo m\u00e1s importante eres t\u00fa. Nos tomamos el tiempo necesario para conocerte a fondo: tus gustos, tus preferencias, tus deseos m\u00e1s profundos y lo que realmente buscas en cada viaje. Este enfoque personalizado nos permite dise\u00f1ar itinerarios \u00fanicos, donde cada detalle est\u00e1 pensado para garantizar tu m\u00e1xima satisfacci\u00f3n. Desde el momento en que nos contactas hasta tu regreso a casa, estamos aqu\u00ed para asegurarnos de que tu experiencia sea impecable y, sobre todo, que sientas que hemos ido un paso m\u00e1s all\u00e1 por ti.<\/p>\r\n\t\t\t\t\t\t\t\t\t<\/div>\r\n\t\t\t\t\t\t\t\t\t<div class=\"btn-box\">\r\n\t\t\t\t\t\t\t\t\t\t<a href=\"https:\/\/travio.smartdemowp.com\/tour\/\" target=\"_blank\" rel=\"nofollow\" class=\"theme-btn\">Find Tours<\/a>\r\n\t\t\t\t\t\t\t\t\t<\/div>\r\n\t\t\t\t\t\t\t\t<\/div>\r\n\t\t\t\t\t\t\t<\/div>\r\n\t\t\t\t\t\t<\/div>\r\n\t\t\t\t\t\t<div class=\"col-lg-6 col-md-12 col-sm-12 image-column\">\r\n\t\t\t\t\t\t\t<div class=\"image_block_2\">\r\n\t\t\t\t\t\t\t\t<div class=\"image-box\">\r\n\t\t\t\t\t\t\t\t\t<div class=\"shape\">\r\n\t\t\t\t\t\t\t\t\t\t<div class=\"shape-1\" style=\"background-image: url(https:\/\/rumboinfinito.com.mx\/wp-content\/uploads\/2025\/09\/shape-13.png);\"><\/div>\r\n\t\t\t\t\t\t\t\t\t\t<div class=\"shape-2\" style=\"background-image: url(https:\/\/rumboinfinito.com.mx\/wp-content\/uploads\/2025\/09\/shape-12.png);\"><\/div>\r\n\t\t\t\t\t\t\t\t\t\t<div class=\"shape-3\" style=\"background-image: url(https:\/\/rumboinfinito.com.mx\/wp-content\/uploads\/2025\/09\/shape-12.png);\"><\/div>\r\n\t\t\t\t\t\t\t\t\t<\/div>\r\n\t\t\t\t\t\t\t\t\t<figure class=\"image\">\r\n\t\t\t\t\t\t\t\t\t\t\t\t\t\t\t\t\t\t\t\t\t<img decoding=\"async\" src=\"https:\/\/rumboinfinito.com.mx\/wp-content\/uploads\/2025\/09\/Captura-de-pantalla-2025-08-14-a-las-18.28.27.png\" alt=\"\">\r\n\t\t\t\t\t\t\t\t\t\t\t\t\t\t\t\t\t\t\t\t<\/figure>\r\n\t\t\t\t\t\t\t\t<\/div>\r\n\t\t\t\t\t\t\t<\/div>\r\n\t\t\t\t\t\t<\/div>\r\n\t\t\t\t\t<\/div>\r\n\t\t\t\t<\/div>\r\n\t\t\t<\/section>\r\n\t\t\t<!-- about-style-two end -->\r\n\t\t\t\t\t\t\t<\/div>\n\t\t\t\t<\/div>\n\t\t\t\t\t<\/div>\n\t\t<\/div>\n\t\t\t\t\t<\/div>\n\t\t<\/section>\n\t\t<div class=\"elementor-element elementor-element-7645718 e-con-full e-flex e-con e-parent\" data-id=\"7645718\" data-element_type=\"container\" data-e-type=\"container\">\n\t\t\t\t<div class=\"elementor-element elementor-element-edf58da elementor-widget elementor-widget-travio_place_block\" data-id=\"edf58da\" data-element_type=\"widget\" data-e-type=\"widget\" data-widget_type=\"travio_place_block.default\">\n\t\t\t\t<div class=\"elementor-widget-container\">\n\t\t\t\t\t\t\t\t<section class=\"place-style-three sec-pad bg-color-1\">\r\n\t\t\t\t<div class=\"anim-icon\">\r\n\t\t\t\t\t<div class=\"icon anim-icon-1\" style=\"background-image: url(https:\/\/rumboinfinito.com.mx\/wp-content\/uploads\/2025\/09\/shape-18.png);\"><\/div>\r\n\t\t\t\t\t<div class=\"icon anim-icon-2\" style=\"background-image: url(https:\/\/rumboinfinito.com.mx\/wp-content\/uploads\/2025\/09\/shape-18.png);\"><\/div>\r\n\t\t\t\t<\/div>\r\n\t\t\t\t<div class=\"auto-container\">\r\n\t\t\t\t\t<div class=\"sec-title centred\">\r\n\t\t\t\t\t\t<p>Viajes modernos y exclusivos<\/p>\r\n\t\t\t\t\t\t<h2>Nuestras aventuras m\u00e1s populares<\/h2>\r\n\t\t\t\t\t<\/div>\r\n\t\t\t\t\t<div class=\"row clearfix\">\r\n\t\t\t\t\t\t<div class=\"three-item-carousel owl-carousel owl-theme owl-nav-none dots-style-one\">\r\n\t\t\t\t\t\t\t\t\t\t\t\t\t\t\t<div class=\"place-block-two\">\r\n\t\t\t\t\t\t\t\t\t<div class=\"inner-box\">\r\n\t\t\t\t\t\t\t\t\t\t<figure class=\"image-box\">\r\n\t\t\t\t\t\t\t\t\t\t\t<img fetchpriority=\"high\" decoding=\"async\" width=\"2560\" height=\"1694\" src=\"https:\/\/rumboinfinito.com.mx\/wp-content\/uploads\/2025\/09\/jezael-melgoza-NiyRORf8d8I-unsplash-scaled.jpeg\" class=\"attachment-full size-full\" alt=\"\" \/>\t\t\t\t\t\t\t\t\t\t<\/figure>\r\n\t\t\t\t\t\t\t\t\t\t<div class=\"text\">\r\n\t\t\t\t\t\t\t\t\t\t\t<h3><a href=\"\" target=\"_blank\" rel=\"nofollow\">Tokio<\/a><\/h3>\r\n\t\t\t\t\t\t\t\t\t\t<\/div>\r\n\t\t\t\t\t\t\t\t\t<\/div>\r\n\t\t\t\t\t\t\t\t<\/div>\r\n\t\t\t\t\t\t\t\t\t\t\t\t\t\t\t\t<div class=\"place-block-two\">\r\n\t\t\t\t\t\t\t\t\t<div class=\"inner-box\">\r\n\t\t\t\t\t\t\t\t\t\t<figure class=\"image-box\">\r\n\t\t\t\t\t\t\t\t\t\t\t<img decoding=\"async\" width=\"1280\" height=\"877\" src=\"https:\/\/rumboinfinito.com.mx\/wp-content\/uploads\/2025\/09\/city-4388160_1280.jpeg\" class=\"attachment-full size-full\" alt=\"\" \/>\t\t\t\t\t\t\t\t\t\t<\/figure>\r\n\t\t\t\t\t\t\t\t\t\t<div class=\"text\">\r\n\t\t\t\t\t\t\t\t\t\t\t<h3><a href=\"https:\/\/travio.smartdemowp.com\/destinations-details\/\" target=\"_blank\" rel=\"nofollow\">\u00c1msterdam<\/a><\/h3>\r\n\t\t\t\t\t\t\t\t\t\t<\/div>\r\n\t\t\t\t\t\t\t\t\t<\/div>\r\n\t\t\t\t\t\t\t\t<\/div>\r\n\t\t\t\t\t\t\t\t\t\t\t\t\t\t\t\t<div class=\"place-block-two\">\r\n\t\t\t\t\t\t\t\t\t<div class=\"inner-box\">\r\n\t\t\t\t\t\t\t\t\t\t<figure class=\"image-box\">\r\n\t\t\t\t\t\t\t\t\t\t\t<img decoding=\"async\" width=\"2560\" height=\"1707\" src=\"https:\/\/rumboinfinito.com.mx\/wp-content\/uploads\/2025\/09\/luca-bravo-TaCk3NspYe0-unsplash-scaled.jpeg\" class=\"attachment-full size-full\" alt=\"\" \/>\t\t\t\t\t\t\t\t\t\t<\/figure>\r\n\t\t\t\t\t\t\t\t\t\t<div class=\"text\">\r\n\t\t\t\t\t\t\t\t\t\t\t<h3><a href=\"https:\/\/travio.smartdemowp.com\/destinations-details\/\" target=\"_blank\" rel=\"nofollow\">Ney York City<\/a><\/h3>\r\n\t\t\t\t\t\t\t\t\t\t<\/div>\r\n\t\t\t\t\t\t\t\t\t<\/div>\r\n\t\t\t\t\t\t\t\t<\/div>\r\n\t\t\t\t\t\t\t\t\t\t\t\t\t\t\t\t<div class=\"place-block-two\">\r\n\t\t\t\t\t\t\t\t\t<div class=\"inner-box\">\r\n\t\t\t\t\t\t\t\t\t\t<figure class=\"image-box\">\r\n\t\t\t\t\t\t\t\t\t\t\t<img loading=\"lazy\" decoding=\"async\" width=\"1280\" height=\"851\" src=\"https:\/\/rumboinfinito.com.mx\/wp-content\/uploads\/2025\/09\/punta-cana-735205_1280-1.jpeg\" class=\"attachment-full size-full\" alt=\"\" \/>\t\t\t\t\t\t\t\t\t\t<\/figure>\r\n\t\t\t\t\t\t\t\t\t\t<div class=\"text\">\r\n\t\t\t\t\t\t\t\t\t\t\t<h3><a href=\"https:\/\/travio.smartdemowp.com\/destinations-details\/\" target=\"_blank\" rel=\"nofollow\">Punta Cana<\/a><\/h3>\r\n\t\t\t\t\t\t\t\t\t\t<\/div>\r\n\t\t\t\t\t\t\t\t\t<\/div>\r\n\t\t\t\t\t\t\t\t<\/div>\r\n\t\t\t\t\t\t\t\t\t\t\t\t\t\t<\/div>\r\n\t\t\t\t\t<\/div>\r\n\t\t\t\t<\/div>\r\n\t\t\t<\/section>\r\n\t\t\t\t\t\t\t<\/div>\n\t\t\t\t<\/div>\n\t\t\t\t<\/div>\n\t\t\t\t<\/div>\n\t\t","protected":false},"excerpt":{"rendered":"<p>Somos rumbo infinito M\u00e1s all\u00e1 de un viaje, una experiencia personal En Rumbo Infinito, no solo planeamos viajes, creamos historias. Creemos firmemente que cada aventura es tan \u00fanica como la persona que la vive. Por eso, nos dedicamos a ir m\u00e1s all\u00e1 de las expectativas, transformando tus sue\u00f1os en experiencias de viaje inolvidables y perfectamente [&hellip;]<\/p>\n","protected":false},"author":2,"featured_media":5977,"parent":0,"menu_order":0,"comment_status":"closed","ping_status":"closed","template":"elementor_header_footer","meta":{"footnotes":""},"class_list":["post-1010","page","type-page","status-publish","has-post-thumbnail","hentry"],"_links":{"self":[{"href":"https:\/\/rumboinfinito.com.mx\/index.php\/wp-json\/wp\/v2\/pages\/1010","targetHints":{"allow":["GET"]}}],"collection":[{"href":"https:\/\/rumboinfinito.com.mx\/index.php\/wp-json\/wp\/v2\/pages"}],"about":[{"href":"https:\/\/rumboinfinito.com.mx\/index.php\/wp-json\/wp\/v2\/types\/page"}],"author":[{"embeddable":true,"href":"https:\/\/rumboinfinito.com.mx\/index.php\/wp-json\/wp\/v2\/users\/2"}],"replies":[{"embeddable":true,"href":"https:\/\/rumboinfinito.com.mx\/index.php\/wp-json\/wp\/v2\/comments?post=1010"}],"version-history":[{"count":7,"href":"https:\/\/rumboinfinito.com.mx\/index.php\/wp-json\/wp\/v2\/pages\/1010\/revisions"}],"predecessor-version":[{"id":6032,"href":"https:\/\/rumboinfinito.com.mx\/index.php\/wp-json\/wp\/v2\/pages\/1010\/revisions\/6032"}],"wp:featuredmedia":[{"embeddable":true,"href":"https:\/\/rumboinfinito.com.mx\/index.php\/wp-json\/wp\/v2\/media\/5977"}],"wp:attachment":[{"href":"https:\/\/rumboinfinito.com.mx\/index.php\/wp-json\/wp\/v2\/media?parent=1010"}],"curies":[{"name":"wp","href":"https:\/\/api.w.org\/{rel}","templated":true}]}}